{"id":1818,"date":"2025-05-25T16:50:39","date_gmt":"2025-05-25T13:50:39","guid":{"rendered":"https:\/\/hanadancestudio.ee\/?page_id=1818"},"modified":"2025-06-01T17:26:13","modified_gmt":"2025-06-01T14:26:13","slug":"workshop","status":"publish","type":"page","link":"https:\/\/hanadancestudio.ee\/en\/workshop\/","title":{"rendered":"Workshop | K-POP tantsu workshop"},"content":{"rendered":"<div data-elementor-type=\"wp-page\" data-elementor-id=\"1818\" class=\"elementor elementor-1818\" data-elementor-post-type=\"page\">\n\t\t\t\t<div class=\"elementor-element elementor-element-37ce401 e-flex e-con-boxed e-con e-parent\" data-id=\"37ce401\" data-element_type=\"container\" data-e-type=\"container\">\n\t\t\t\t\t<div class=\"e-con-inner\">\n\t\t<div class=\"elementor-element elementor-element-2caf7c81 e-con-full e-flex e-con e-child\" data-id=\"2caf7c81\" data-element_type=\"container\" data-e-type=\"container\">\n\t\t\t\t<div class=\"elementor-element elementor-element-13031941 elementor-widget elementor-widget-theme-site-logo elementor-widget-image\" data-id=\"13031941\" data-element_type=\"widget\" data-e-type=\"widget\" data-widget_type=\"theme-site-logo.default\">\n\t\t\t\t<div class=\"elementor-widget-container\">\n\t\t\t\t\t\t\t\t\t\t\t<a href=\"https:\/\/hanadancestudio.ee\/en\">\n\t\t\t<img decoding=\"async\" width=\"100\" height=\"100\" src=\"https:\/\/hanadancestudio.ee\/wp-content\/uploads\/2022\/07\/Logo-m-l-h.svg\" class=\"attachment-full size-full wp-image-47\" alt=\"HANA Dance Studio logo\" \/>\t\t\t\t<\/a>\n\t\t\t\t\t\t\t\t\t\t\t<\/div>\n\t\t\t\t<\/div>\n\t\t\t\t<\/div>\n\t\t<div class=\"elementor-element elementor-element-2d8c1f7b e-con-full e-flex e-con e-child\" data-id=\"2d8c1f7b\" data-element_type=\"container\" data-e-type=\"container\">\n\t\t\t\t<div class=\"elementor-element elementor-element-673c5c30 elementor-widget__width-initial elementor-nav-menu__align-center elementor-nav-menu--dropdown-none elementor-widget elementor-widget-nav-menu\" data-id=\"673c5c30\" data-element_type=\"widget\" data-e-type=\"widget\" data-settings=\"{&quot;submenu_icon&quot;:{&quot;value&quot;:&quot;&lt;i class=\\&quot;fas fa-angle-down\\&quot; aria-hidden=\\&quot;true\\&quot;&gt;&lt;\\\/i&gt;&quot;,&quot;library&quot;:&quot;fa-solid&quot;},&quot;layout&quot;:&quot;horizontal&quot;}\" data-widget_type=\"nav-menu.default\">\n\t\t\t\t<div class=\"elementor-widget-container\">\n\t\t\t\t\t\t\t\t<nav aria-label=\"Menu\" class=\"elementor-nav-menu--main elementor-nav-menu__container elementor-nav-menu--layout-horizontal e--pointer-underline e--animation-fade\">\n\t\t\t\t<ul id=\"menu-1-673c5c30\" class=\"elementor-nav-menu\"><li class=\"menu-item menu-item-type-post_type menu-item-object-page menu-item-home menu-item-1483\"><a href=\"https:\/\/hanadancestudio.ee\/en\/\" class=\"elementor-item menu-link\">Home<\/a><\/li>\n<li class=\"menu-item menu-item-type-post_type menu-item-object-page menu-item-1985\"><a href=\"https:\/\/hanadancestudio.ee\/en\/classes\/\" class=\"elementor-item menu-link\">Classes<\/a><\/li>\n<li class=\"menu-item menu-item-type-post_type menu-item-object-page menu-item-2044\"><a href=\"https:\/\/hanadancestudio.ee\/en\/treenerid\/\" class=\"elementor-item menu-link\">Teachers<\/a><\/li>\n<li class=\"menu-item menu-item-type-post_type menu-item-object-page menu-item-1696\"><a href=\"https:\/\/hanadancestudio.ee\/en\/saali-rentimine\/\" class=\"elementor-item menu-link\">Rent our studio<\/a><\/li>\n<li class=\"menu-item menu-item-type-post_type menu-item-object-page menu-item-228\"><a href=\"https:\/\/hanadancestudio.ee\/en\/kontakt\/\" class=\"elementor-item menu-link\">Contact us<\/a><\/li>\n<\/ul>\t\t\t<\/nav>\n\t\t\t\t\t\t<nav class=\"elementor-nav-menu--dropdown elementor-nav-menu__container\" aria-hidden=\"true\">\n\t\t\t\t<ul id=\"menu-2-673c5c30\" class=\"elementor-nav-menu\"><li class=\"menu-item menu-item-type-post_type menu-item-object-page menu-item-home menu-item-1483\"><a href=\"https:\/\/hanadancestudio.ee\/en\/\" class=\"elementor-item menu-link\" tabindex=\"-1\">Home<\/a><\/li>\n<li class=\"menu-item menu-item-type-post_type menu-item-object-page menu-item-1985\"><a href=\"https:\/\/hanadancestudio.ee\/en\/classes\/\" class=\"elementor-item menu-link\" tabindex=\"-1\">Classes<\/a><\/li>\n<li class=\"menu-item menu-item-type-post_type menu-item-object-page menu-item-2044\"><a href=\"https:\/\/hanadancestudio.ee\/en\/treenerid\/\" class=\"elementor-item menu-link\" tabindex=\"-1\">Teachers<\/a><\/li>\n<li class=\"menu-item menu-item-type-post_type menu-item-object-page menu-item-1696\"><a href=\"https:\/\/hanadancestudio.ee\/en\/saali-rentimine\/\" class=\"elementor-item menu-link\" tabindex=\"-1\">Rent our studio<\/a><\/li>\n<li class=\"menu-item menu-item-type-post_type menu-item-object-page menu-item-228\"><a href=\"https:\/\/hanadancestudio.ee\/en\/kontakt\/\" class=\"elementor-item menu-link\" tabindex=\"-1\">Contact us<\/a><\/li>\n<\/ul>\t\t\t<\/nav>\n\t\t\t\t\t\t<\/div>\n\t\t\t\t<\/div>\n\t\t\t\t<\/div>\n\t\t\t\t\t<\/div>\n\t\t\t\t<\/div>\n\t\t<div class=\"elementor-element elementor-element-56b4552 e-flex e-con-boxed e-con e-parent\" data-id=\"56b4552\" data-element_type=\"container\" data-e-type=\"container\">\n\t\t\t\t\t<div class=\"e-con-inner\">\n\t\t\t\t<div class=\"elementor-element elementor-element-b800ee9 elementor-widget elementor-widget-heading\" data-id=\"b800ee9\" data-element_type=\"widget\" data-e-type=\"widget\" data-widget_type=\"heading.default\">\n\t\t\t\t<div class=\"elementor-widget-container\">\n\t\t\t\t\t<h2 class=\"elementor-heading-title elementor-size-default\">Suve Workshop<\/h2>\t\t\t\t<\/div>\n\t\t\t\t<\/div>\n\t\t\t\t<div class=\"elementor-element elementor-element-caa15d6 elementor-widget elementor-widget-heading\" data-id=\"caa15d6\" data-element_type=\"widget\" data-e-type=\"widget\" data-widget_type=\"heading.default\">\n\t\t\t\t<div class=\"elementor-widget-container\">\n\t\t\t\t\t<h2 class=\"elementor-heading-title elementor-size-default\">8. juuni kl 12:00<\/h2>\t\t\t\t<\/div>\n\t\t\t\t<\/div>\n\t\t\t\t<div class=\"elementor-element elementor-element-d75ea18 elementor-align-center elementor-widget elementor-widget-button\" data-id=\"d75ea18\" data-element_type=\"widget\" data-e-type=\"widget\" data-widget_type=\"button.default\">\n\t\t\t\t<div class=\"elementor-widget-container\">\n\t\t\t\t\t\t\t\t\t<div class=\"elementor-button-wrapper\">\n\t\t\t\t\t<a class=\"elementor-button elementor-button-link elementor-size-sm\" href=\"https:\/\/forms.gle\/DZsai5aLXBFA1pVa7\" target=\"_blank\" rel=\"noopener\">\n\t\t\t\t\t\t<span class=\"elementor-button-content-wrapper\">\n\t\t\t\t\t\t\t\t\t<span class=\"elementor-button-text\">REGISTREERU N\u00dc\u00dcD<\/span>\n\t\t\t\t\t<\/span>\n\t\t\t\t\t<\/a>\n\t\t\t\t<\/div>\n\t\t\t\t\t\t\t\t<\/div>\n\t\t\t\t<\/div>\n\t\t\t\t<div class=\"elementor-element elementor-element-46c6242 elementor-widget elementor-widget-text-editor\" data-id=\"46c6242\" data-element_type=\"widget\" data-e-type=\"widget\" data-widget_type=\"text-editor.default\">\n\t\t\t\t<div class=\"elementor-widget-container\">\n\t\t\t\t\t\t\t\t\t<p style=\"text-align: center;\">Suvine workshop on t\u00e4is suviseid v\u00f5binaid! Sel korral on meie <em>line-up<\/em>&#8217;is I-DLE &#8211; Queencard, j-hope &#8211; Sweet Dreams ja Winner &#8211; Love Me Love Me! Lisaks veel Random Dance, kuhu lisame laule, mida Sina soovid (vaata registreerimisvormi!), l\u00f5bus Kahoot, et tantsude vahel hinge t\u00f5mmata ja ka \u00fcllatusesinejad!<\/p><p style=\"text-align: center;\"><strong>NB! Soovilugude lisamise t\u00e4htaeg on 4. juuni!<\/strong><\/p>\t\t\t\t\t\t\t\t<\/div>\n\t\t\t\t<\/div>\n\t\t\t\t<div class=\"elementor-element elementor-element-2746879 elementor-widget elementor-widget-text-editor\" data-id=\"2746879\" data-element_type=\"widget\" data-e-type=\"widget\" data-widget_type=\"text-editor.default\">\n\t\t\t\t<div class=\"elementor-widget-container\">\n\t\t\t\t\t\t\t\t\t<p style=\"text-align: center;\"><strong>ASUKOHT:<\/strong><\/p><p style=\"text-align: center;\">T\u00e4htvere Tantsukeskuse Suur Saal<br \/>Laulupeo pst 19, 51006<br \/>Tartu<br \/>2. korrus<\/p><p style=\"text-align: center;\"><strong>HIND:<\/strong> 25\u20ac<\/p><p style=\"text-align: center;\">Saaja: MT\u00dc Hana Tantsustuudio<br \/>Konto: EE217700771008306381<br \/>Selgitus: Osaleja nimi + suve workshop<\/p><p style=\"text-align: center;\">NB! Saali on lubatud vaid sisejalan\u00f5udes!<\/p>\t\t\t\t\t\t\t\t<\/div>\n\t\t\t\t<\/div>\n\t\t\t\t\t<\/div>\n\t\t\t\t<\/div>\n\t\t\t\t<section class=\"elementor-section elementor-top-section elementor-element elementor-element-3d75798e elementor-section-boxed elementor-section-height-default elementor-section-height-default\" data-id=\"3d75798e\" data-element_type=\"section\" data-e-type=\"section\">\n\t\t\t\t\t\t<div class=\"elementor-container elementor-column-gap-default\">\n\t\t\t\t\t<div class=\"elementor-column elementor-col-100 elementor-top-column elementor-element elementor-element-350a2d42\" data-id=\"350a2d42\" data-element_type=\"column\" data-e-type=\"column\">\n\t\t\t<div class=\"elementor-widget-wrap elementor-element-populated\">\n\t\t\t\t\t\t<div class=\"elementor-element elementor-element-4eeddf6f elementor-shape-rounded elementor-grid-0 e-grid-align-center elementor-widget elementor-widget-global elementor-global-397 elementor-widget-social-icons\" data-id=\"4eeddf6f\" data-element_type=\"widget\" data-e-type=\"widget\" data-widget_type=\"social-icons.default\">\n\t\t\t\t<div class=\"elementor-widget-container\">\n\t\t\t\t\t\t\t<div class=\"elementor-social-icons-wrapper elementor-grid\" role=\"list\">\n\t\t\t\t\t\t\t<span class=\"elementor-grid-item\" role=\"listitem\">\n\t\t\t\t\t<a class=\"elementor-icon elementor-social-icon elementor-social-icon-facebook elementor-repeater-item-be3be40\" href=\"https:\/\/www.facebook.com\/hanadancestudioestonia\" target=\"_blank\" rel=\"noopener\">\n\t\t\t\t\t\t<span class=\"elementor-screen-only\">Facebook<\/span>\n\t\t\t\t\t\t<i aria-hidden=\"true\" class=\"fab fa-facebook\"><\/i>\t\t\t\t\t<\/a>\n\t\t\t\t<\/span>\n\t\t\t\t\t\t\t<span class=\"elementor-grid-item\" role=\"listitem\">\n\t\t\t\t\t<a class=\"elementor-icon elementor-social-icon elementor-social-icon-instagram elementor-repeater-item-03c27fb\" href=\"https:\/\/www.instagram.com\/hana_dance_studio\/\" target=\"_blank\" rel=\"noopener\">\n\t\t\t\t\t\t<span class=\"elementor-screen-only\">Instagram<\/span>\n\t\t\t\t\t\t<i aria-hidden=\"true\" class=\"fab fa-instagram\"><\/i>\t\t\t\t\t<\/a>\n\t\t\t\t<\/span>\n\t\t\t\t\t\t\t<span class=\"elementor-grid-item\" role=\"listitem\">\n\t\t\t\t\t<a class=\"elementor-icon elementor-social-icon elementor-social-icon-tiktok elementor-repeater-item-9785b16\" href=\"https:\/\/www.tiktok.com\/@dance_studio_hana\" target=\"_blank\" rel=\"noopener\">\n\t\t\t\t\t\t<span class=\"elementor-screen-only\">Tiktok<\/span>\n\t\t\t\t\t\t<i aria-hidden=\"true\" class=\"fab fa-tiktok\"><\/i>\t\t\t\t\t<\/a>\n\t\t\t\t<\/span>\n\t\t\t\t\t\t\t<span class=\"elementor-grid-item\" role=\"listitem\">\n\t\t\t\t\t<a class=\"elementor-icon elementor-social-icon elementor-social-icon-youtube elementor-repeater-item-cccb255\" href=\"https:\/\/www.youtube.com\/@HanaDanceStudio\" target=\"_blank\" rel=\"noopener\">\n\t\t\t\t\t\t<span class=\"elementor-screen-only\">Youtube<\/span>\n\t\t\t\t\t\t<i aria-hidden=\"true\" class=\"fab fa-youtube\"><\/i>\t\t\t\t\t<\/a>\n\t\t\t\t<\/span>\n\t\t\t\t\t<\/div>\n\t\t\t\t\t\t<\/div>\n\t\t\t\t<\/div>\n\t\t\t\t<div class=\"elementor-element elementor-element-344a6ba2 elementor-widget elementor-widget-global elementor-global-134 elementor-widget-heading\" data-id=\"344a6ba2\" data-element_type=\"widget\" data-e-type=\"widget\" data-widget_type=\"heading.default\">\n\t\t\t\t<div class=\"elementor-widget-container\">\n\t\t\t\t\t<div class=\"elementor-heading-title elementor-size-small\">info@hanadancestudio.ee<\/div>\t\t\t\t<\/div>\n\t\t\t\t<\/div>\n\t\t\t\t<div class=\"elementor-element elementor-element-630bd460 elementor-widget elementor-widget-spacer\" data-id=\"630bd460\" data-element_type=\"widget\" data-e-type=\"widget\" data-widget_type=\"spacer.default\">\n\t\t\t\t<div class=\"elementor-widget-container\">\n\t\t\t\t\t\t\t<div class=\"elementor-spacer\">\n\t\t\t<div class=\"elementor-spacer-inner\"><\/div>\n\t\t<\/div>\n\t\t\t\t\t\t<\/div>\n\t\t\t\t<\/div>\n\t\t\t\t\t<\/div>\n\t\t<\/div>\n\t\t\t\t\t<\/div>\n\t\t<\/section>\n\t\t\t\t<\/div>","protected":false},"excerpt":{"rendered":"<p>Suve Workshop 8. juuni kl 12:00 REGISTREERU N\u00dc\u00dcD Suvine workshop on t\u00e4is suviseid v\u00f5binaid! Sel korral on meie line-up&#8217;is I-DLE &#8211; Queencard, j-hope &#8211; Sweet Dreams ja Winner &#8211; Love Me Love Me! Lisaks veel Random Dance, kuhu lisame laule, mida Sina soovid (vaata registreerimisvormi!), l\u00f5bus Kahoot, et tantsude vahel hinge t\u00f5mmata ja ka \u00fcllatusesinejad! [&hellip;]<\/p>\n","protected":false},"author":1,"featured_media":0,"parent":0,"menu_order":0,"comment_status":"closed","ping_status":"closed","template":"","meta":{"site-sidebar-layout":"no-sidebar","site-content-layout":"page-builder","ast-site-content-layout":"full-width-container","site-content-style":"unboxed","site-sidebar-style":"unboxed","ast-global-header-display":"","ast-banner-title-visibility":"","ast-main-header-display":"","ast-hfb-above-header-display":"","ast-hfb-below-header-display":"","ast-hfb-mobile-header-display":"","site-post-title":"disabled","ast-breadcrumbs-content":"","ast-featured-img":"disabled","footer-sml-layout":"","theme-transparent-header-meta":"default","adv-header-id-meta":"","stick-header-meta":"","header-above-stick-meta":"","header-main-stick-meta":"","header-below-stick-meta":"","astra-migrate-meta-layouts":"set","ast-page-background-enabled":"default","ast-page-background-meta":{"desktop":{"background-color":"var(--ast-global-color-4)","background-image":"","background-repeat":"repeat","background-position":"center center","background-size":"auto","background-attachment":"scroll","background-type":"","background-media":"","overlay-type":"","overlay-color":"","overlay-opacity":"","overlay-gradient":""},"tablet":{"background-color":"","background-image":"","background-repeat":"repeat","background-position":"center center","background-size":"auto","background-attachment":"scroll","background-type":"","background-media":"","overlay-type":"","overlay-color":"","overlay-opacity":"","overlay-gradient":""},"mobile":{"background-color":"","background-image":"","background-repeat":"repeat","background-position":"center center","background-size":"auto","background-attachment":"scroll","background-type":"","background-media":"","overlay-type":"","overlay-color":"","overlay-opacity":"","overlay-gradient":""}},"ast-content-background-meta":{"desktop":{"background-color":"var(--ast-global-color-5)","background-image":"","background-repeat":"repeat","background-position":"center center","background-size":"auto","background-attachment":"scroll","background-type":"","background-media":"","overlay-type":"","overlay-color":"","overlay-opacity":"","overlay-gradient":""},"tablet":{"background-color":"var(--ast-global-color-5)","background-image":"","background-repeat":"repeat","background-position":"center center","background-size":"auto","background-attachment":"scroll","background-type":"","background-media":"","overlay-type":"","overlay-color":"","overlay-opacity":"","overlay-gradient":""},"mobile":{"background-color":"var(--ast-global-color-5)","background-image":"","background-repeat":"repeat","background-position":"center center","background-size":"auto","background-attachment":"scroll","background-type":"","background-media":"","overlay-type":"","overlay-color":"","overlay-opacity":"","overlay-gradient":""}},"footnotes":""},"class_list":["post-1818","page","type-page","status-publish","hentry"],"_links":{"self":[{"href":"https:\/\/hanadancestudio.ee\/en\/wp-json\/wp\/v2\/pages\/1818","targetHints":{"allow":["GET"]}}],"collection":[{"href":"https:\/\/hanadancestudio.ee\/en\/wp-json\/wp\/v2\/pages"}],"about":[{"href":"https:\/\/hanadancestudio.ee\/en\/wp-json\/wp\/v2\/types\/page"}],"author":[{"embeddable":true,"href":"https:\/\/hanadancestudio.ee\/en\/wp-json\/wp\/v2\/users\/1"}],"replies":[{"embeddable":true,"href":"https:\/\/hanadancestudio.ee\/en\/wp-json\/wp\/v2\/comments?post=1818"}],"version-history":[{"count":5,"href":"https:\/\/hanadancestudio.ee\/en\/wp-json\/wp\/v2\/pages\/1818\/revisions"}],"predecessor-version":[{"id":1850,"href":"https:\/\/hanadancestudio.ee\/en\/wp-json\/wp\/v2\/pages\/1818\/revisions\/1850"}],"wp:attachment":[{"href":"https:\/\/hanadancestudio.ee\/en\/wp-json\/wp\/v2\/media?parent=1818"}],"curies":[{"name":"wp","href":"https:\/\/api.w.org\/{rel}","templated":true}]}}